{"id":114,"date":"2025-08-10T12:22:44","date_gmt":"2025-08-10T10:22:44","guid":{"rendered":"https:\/\/mazery.fr\/?page_id=114"},"modified":"2026-02-23T16:52:41","modified_gmt":"2026-02-23T15:52:41","slug":"2025-2","status":"publish","type":"page","link":"https:\/\/mazery.fr\/?page_id=114","title":{"rendered":"2025"},"content":{"rendered":"[et_pb_section fb_built=\u00a0\u00bb1&Prime; _builder_version=\u00a0\u00bb4.16&Prime; collapsed=\u00a0\u00bboff\u00a0\u00bb global_colors_info=\u00a0\u00bb{}\u00a0\u00bb][et_pb_row _builder_version=\u00a0\u00bb4.16&Prime; background_size=\u00a0\u00bbinitial\u00a0\u00bb background_position=\u00a0\u00bbtop_left\u00a0\u00bb background_repeat=\u00a0\u00bbrepeat\u00a0\u00bb global_colors_info=\u00a0\u00bb{}\u00a0\u00bb][et_pb_column type=\u00a0\u00bb4_4&Prime; _builder_version=\u00a0\u00bb4.16&Prime; custom_padding=\u00a0\u00bb|||\u00a0\u00bb global_colors_info=\u00a0\u00bb{}\u00a0\u00bb custom_padding__hover=\u00a0\u00bb|||\u00a0\u00bb][et_pb_text _builder_version=\u00a0\u00bb4.27.5&Prime; background_size=\u00a0\u00bbinitial\u00a0\u00bb background_position=\u00a0\u00bbtop_left\u00a0\u00bb background_repeat=\u00a0\u00bbrepeat\u00a0\u00bb hover_enabled=\u00a0\u00bb0&Prime; global_colors_info=\u00a0\u00bb{}\u00a0\u00bb sticky_enabled=\u00a0\u00bb0&Prime;]<p><a href=\"https:\/\/mazery.fr\/?page_id=169\">Cousinade TENDRON<\/a><\/p>\n<p><\/p>\n<p>Naissance de Marius fils de Virgile MAZERY<\/p>\n<p><\/p>\n<p>Naissance de Mira\u00ef fils de Christophe MAZERY<\/p>\n<p><\/p>\n<p>Naissance de Marceau fils d&rsquo;Antoine PERRAY et Lucie DUBOIS<\/p>\n<p><\/p>\n<p>Naissance de C\u00e9lestin LAPORTE arri\u00e8re-petit-fils d&rsquo;Eug\u00e8ne HAMON et Jo\u00eblle TREMANT<\/p>\n<p><\/p>[\/et_pb_text][\/et_pb_column][\/et_pb_row][\/et_pb_section]","protected":false},"excerpt":{"rendered":"<p>Cousinade TENDRON Naissance de Marius fils de Virgile MAZERY Naissance de Mira\u00ef fils de Christophe MAZERY Naissance de Marceau fils d&rsquo;Antoine PERRAY et Lucie DUBOIS Naissance de C\u00e9lestin LAPORTE arri\u00e8re-petit-fils d&rsquo;Eug\u00e8ne HAMON et Jo\u00eblle TREMANT<\/p>\n","protected":false},"author":1,"featured_media":0,"parent":0,"menu_order":0,"comment_status":"closed","ping_status":"closed","template":"","meta":{"_et_pb_use_builder":"on","_et_pb_old_content":"<!-- wp:paragraph -->\r\n<p><a href=\"https:\/\/mazery.fr\/?page_id=169\">Cousinade TENDRON<\/a><\/p>\r\n<!-- \/wp:paragraph --><!-- wp:paragraph -->\r\n<p>Naissance de Marius fils de Virgile MAZERY<\/p>\r\n<!-- \/wp:paragraph --><!-- wp:paragraph -->\r\n<p>Naissance de Mira\u00ef fils de Christophe MAZERY<\/p>\r\n<!-- \/wp:paragraph --><!-- wp:paragraph -->\r\n<p>Naissance de Marceau fils d'Antoine PERRAY et Lucie DUBOIS<\/p>\r\n<!-- \/wp:paragraph --><!-- wp:paragraph -->\r\n<p>Naissance de C\u00e9lestin LAPORTE<\/p>\r\n<!-- \/wp:paragraph -->","_et_gb_content_width":"","footnotes":""},"class_list":["post-114","page","type-page","status-publish","hentry"],"_links":{"self":[{"href":"https:\/\/mazery.fr\/index.php?rest_route=\/wp\/v2\/pages\/114","targetHints":{"allow":["GET"]}}],"collection":[{"href":"https:\/\/mazery.fr\/index.php?rest_route=\/wp\/v2\/pages"}],"about":[{"href":"https:\/\/mazery.fr\/index.php?rest_route=\/wp\/v2\/types\/page"}],"author":[{"embeddable":true,"href":"https:\/\/mazery.fr\/index.php?rest_route=\/wp\/v2\/users\/1"}],"replies":[{"embeddable":true,"href":"https:\/\/mazery.fr\/index.php?rest_route=%2Fwp%2Fv2%2Fcomments&post=114"}],"version-history":[{"count":13,"href":"https:\/\/mazery.fr\/index.php?rest_route=\/wp\/v2\/pages\/114\/revisions"}],"predecessor-version":[{"id":491,"href":"https:\/\/mazery.fr\/index.php?rest_route=\/wp\/v2\/pages\/114\/revisions\/491"}],"wp:attachment":[{"href":"https:\/\/mazery.fr\/index.php?rest_route=%2Fwp%2Fv2%2Fmedia&parent=114"}],"curies":[{"name":"wp","href":"https:\/\/api.w.org\/{rel}","templated":true}]}}