{"id":1297,"date":"2026-03-18T16:48:40","date_gmt":"2026-03-18T15:48:40","guid":{"rendered":"https:\/\/mazery.fr\/?page_id=1297"},"modified":"2026-03-20T18:32:50","modified_gmt":"2026-03-20T17:32:50","slug":"fiches-an","status":"publish","type":"page","link":"https:\/\/mazery.fr\/?page_id=1297","title":{"rendered":"FICHES-AN"},"content":{"rendered":"<p>[et_pb_section fb_built=\u00a0\u00bb1&Prime; admin_label=\u00a0\u00bbFiches Experts 2025-2026&Prime; _builder_version=\u00a0\u00bb4.27.6&Prime; _module_preset=\u00a0\u00bbdefault\u00a0\u00bb custom_padding=\u00a0\u00bb79px|||||\u00a0\u00bb global_colors_info=\u00a0\u00bb{}\u00a0\u00bb][et_pb_row column_structure=\u00a0\u00bb1_2,1_2&Prime; _builder_version=\u00a0\u00bb4.27.6&Prime; _module_preset=\u00a0\u00bbdefault\u00a0\u00bb global_colors_info=\u00a0\u00bb{}\u00a0\u00bb][et_pb_column type=\u00a0\u00bb1_2&Prime; _builder_version=\u00a0\u00bb4.27.6&Prime; _module_preset=\u00a0\u00bbdefault\u00a0\u00bb global_colors_info=\u00a0\u00bb{}\u00a0\u00bb][et_pb_text _builder_version=\u00a0\u00bb4.27.6&Prime; _module_preset=\u00a0\u00bbdefault\u00a0\u00bb custom_padding=\u00a0\u00bb|||3px|false|false\u00a0\u00bb box_shadow_style=\u00a0\u00bbpreset1&Prime; global_colors_info=\u00a0\u00bb{}\u00a0\u00bb]<\/p>\n<h3><strong>FICHES EXPERTS 2025-2026<\/strong><\/h3>\n<p>[\/et_pb_text][\/et_pb_column][et_pb_column type=\u00a0\u00bb1_2&Prime; _builder_version=\u00a0\u00bb4.27.6&Prime; _module_preset=\u00a0\u00bbdefault\u00a0\u00bb global_colors_info=\u00a0\u00bb{}\u00a0\u00bb][et_pb_text _builder_version=\u00a0\u00bb4.27.6&Prime; _module_preset=\u00a0\u00bbdefault\u00a0\u00bb custom_margin=\u00a0\u00bb|||3px|false|false\u00a0\u00bb custom_padding=\u00a0\u00bb0px|||3px|false|false\u00a0\u00bb hover_enabled=\u00a0\u00bb0&Prime; box_shadow_style=\u00a0\u00bbpreset1&Prime; locked=\u00a0\u00bboff\u00a0\u00bb global_colors_info=\u00a0\u00bb{}\u00a0\u00bb sticky_enabled=\u00a0\u00bb0&Prime;]<\/p>\n<h3><a href=\"https:\/\/cgrhuys56.assoconnect.com\/page\/3524901-36-fiches-experts-2025-2026\">Clic ici pour choisir les fiches \u00e0 t\u00e9l\u00e9charger<\/a><\/h3>\n<p>[\/et_pb_text][\/et_pb_column][\/et_pb_row][et_pb_row column_structure=\u00a0\u00bb1_2,1_2&Prime; admin_label=\u00a0\u00bbFiches Experts 2025-2026&Prime; _builder_version=\u00a0\u00bb4.27.6&Prime; _module_preset=\u00a0\u00bbdefault\u00a0\u00bb global_colors_info=\u00a0\u00bb{}\u00a0\u00bb][et_pb_column type=\u00a0\u00bb1_2&Prime; _builder_version=\u00a0\u00bb4.27.6&Prime; _module_preset=\u00a0\u00bbdefault\u00a0\u00bb global_colors_info=\u00a0\u00bb{}\u00a0\u00bb][et_pb_text admin_label=\u00a0\u00bbSept\u00a0\u00bb _builder_version=\u00a0\u00bb4.27.6&Prime; _module_preset=\u00a0\u00bbdefault\u00a0\u00bb custom_padding=\u00a0\u00bb|||3px|false|false\u00a0\u00bb border_radii=\u00a0\u00bbon|16px|16px|16px|16px\u00a0\u00bb border_width_all=\u00a0\u00bb3px\u00a0\u00bb border_color_all=\u00a0\u00bbrgba(12,113,195,0.2)\u00a0\u00bb box_shadow_style=\u00a0\u00bbpreset1&Prime; global_colors_info=\u00a0\u00bb{}\u00a0\u00bb]<\/p>\n<p><strong>SEPTEMBRE 2025<\/strong><br \/>CGR Compte-rendu de l\u2019atelier du 23\/09<br \/>CGG Sites internet n\u00b012 Portraits Anciens<br \/>CGR Sites internet n\u00b013 Papers<br \/>CGR Enigme RIO Solution n\u00b01<\/p>\n<p>[\/et_pb_text][et_pb_text admin_label=\u00a0\u00bbnov\u00a0\u00bb _builder_version=\u00a0\u00bb4.27.6&Prime; _module_preset=\u00a0\u00bbdefault\u00a0\u00bb custom_margin=\u00a0\u00bb3px||||false|false\u00a0\u00bb custom_padding=\u00a0\u00bb|||3px|false|false\u00a0\u00bb border_radii=\u00a0\u00bbon|16px|16px|16px|16px\u00a0\u00bb border_width_all=\u00a0\u00bb3px\u00a0\u00bb border_color_all=\u00a0\u00bbrgba(12,113,195,0.2)\u00a0\u00bb box_shadow_style=\u00a0\u00bbpreset1&Prime; locked=\u00a0\u00bboff\u00a0\u00bb global_colors_info=\u00a0\u00bb{}\u00a0\u00bb]<\/p>\n<p><strong>SEPTEMBRE 2025<\/strong><br \/>CGR Compte-rendu de l\u2019atelier du 23\/09<br \/>CGG Sites internet n\u00b012 Portraits Anciens<br \/>CGR Sites internet n\u00b013 Papers<br \/>CGR Enigme RIO Solution n\u00b01<\/p>\n<p>[\/et_pb_text][et_pb_text admin_label=\u00a0\u00bbjanv\u00a0\u00bb _builder_version=\u00a0\u00bb4.27.6&Prime; _module_preset=\u00a0\u00bbdefault\u00a0\u00bb custom_margin=\u00a0\u00bb3px||||false|false\u00a0\u00bb custom_padding=\u00a0\u00bb3px|||3px|false|false\u00a0\u00bb border_radii=\u00a0\u00bbon|16px|16px|16px|16px\u00a0\u00bb border_width_all=\u00a0\u00bb3px\u00a0\u00bb border_color_all=\u00a0\u00bbrgba(12,113,195,0.2)\u00a0\u00bb box_shadow_style=\u00a0\u00bbpreset1&Prime; locked=\u00a0\u00bboff\u00a0\u00bb global_colors_info=\u00a0\u00bb{}\u00a0\u00bb]<\/p>\n<p><strong>OCTOBRE 2025<\/strong><br \/>CGR CR de l&rsquo;atelier du 14\/10<br \/>CGR Site internet n\u00b014 : Accidents de train en France au 19\u00e8<br \/>CGR Site internet n\u00b015 : Rechercher un individu dans les recensements index\u00e9s de Paris<br \/>CGR Site internet n\u00b016 : Rechercher un individu dans les journaux fran\u00e7ais de Jersey de 1784 \u00e0 1959<\/p>\n<p>[\/et_pb_text][et_pb_text admin_label=\u00a0\u00bbMars\u00a0\u00bb _builder_version=\u00a0\u00bb4.27.6&Prime; _module_preset=\u00a0\u00bbdefault\u00a0\u00bb custom_margin=\u00a0\u00bb3px||||false|false\u00a0\u00bb custom_padding=\u00a0\u00bb|||3px|false|false\u00a0\u00bb border_radii=\u00a0\u00bbon|16px|16px|16px|16px\u00a0\u00bb border_width_all=\u00a0\u00bb3px\u00a0\u00bb border_color_all=\u00a0\u00bbrgba(12,113,195,0.2)\u00a0\u00bb box_shadow_style=\u00a0\u00bbpreset1&Prime; locked=\u00a0\u00bboff\u00a0\u00bb global_colors_info=\u00a0\u00bb{}\u00a0\u00bb]<\/p>\n<p><strong>MARS 2026<\/strong><br \/>CGR<\/p>\n<p>[\/et_pb_text][\/et_pb_column][et_pb_column type=\u00a0\u00bb1_2&Prime; _builder_version=\u00a0\u00bb4.27.6&Prime; _module_preset=\u00a0\u00bbdefault\u00a0\u00bb global_colors_info=\u00a0\u00bb{}\u00a0\u00bb][et_pb_text admin_label=\u00a0\u00bboct\u00a0\u00bb _builder_version=\u00a0\u00bb4.27.6&Prime; _module_preset=\u00a0\u00bbdefault\u00a0\u00bb custom_margin=\u00a0\u00bb|||3px|false|false\u00a0\u00bb custom_padding=\u00a0\u00bb|||3px|false|false\u00a0\u00bb border_radii=\u00a0\u00bbon|16px|16px|16px|16px\u00a0\u00bb border_width_all=\u00a0\u00bb3px\u00a0\u00bb border_color_all=\u00a0\u00bbrgba(12,113,195,0.2)\u00a0\u00bb box_shadow_style=\u00a0\u00bbpreset1&Prime; locked=\u00a0\u00bboff\u00a0\u00bb global_colors_info=\u00a0\u00bb{}\u00a0\u00bb]<\/p>\n<p><strong>OCTOBRE 2025<\/strong><br \/>CGR CR de l&rsquo;atelier du 14\/10<br \/>CGR Site internet n\u00b014 : Accidents de train en France au 19\u00e8<br \/>CGR Site internet n\u00b015 : Rechercher un individu dans les recensements index\u00e9s de Paris<br \/>CGR Site internet n\u00b016 : Rechercher un individu dans les journaux fran\u00e7ais de Jersey de 1784 \u00e0 1959<\/p>\n<p>[\/et_pb_text][et_pb_text admin_label=\u00a0\u00bbdec\u00a0\u00bb _builder_version=\u00a0\u00bb4.27.6&Prime; _module_preset=\u00a0\u00bbdefault\u00a0\u00bb text_line_height=\u00a0\u00bb1.1em\u00a0\u00bb custom_margin=\u00a0\u00bb3px|||3px|false|false\u00a0\u00bb custom_padding=\u00a0\u00bb0px|||3px|false|false\u00a0\u00bb border_radii=\u00a0\u00bbon|16px|16px|16px|16px\u00a0\u00bb border_width_all=\u00a0\u00bb3px\u00a0\u00bb border_color_all=\u00a0\u00bbrgba(12,113,195,0.2)\u00a0\u00bb box_shadow_style=\u00a0\u00bbpreset1&Prime; locked=\u00a0\u00bboff\u00a0\u00bb global_colors_info=\u00a0\u00bb{}\u00a0\u00bb]<\/p>\n<p><strong>OCTOBRE 2025<\/strong><br \/>CGR CR de l&rsquo;atelier du 14\/10<br \/>CGR Site internet n\u00b014 : Accidents de train en France au 19\u00e8<br \/>CGR Site internet n\u00b015 : Rechercher un individu dans les recensements index\u00e9s de Paris<br \/>CGR Site internet n\u00b016 : Rechercher un individu dans les journaux fran\u00e7ais de Jersey de 1784 \u00e0 1959<\/p>\n<p>[\/et_pb_text][et_pb_text admin_label=\u00a0\u00bbfev\u00a0\u00bb _builder_version=\u00a0\u00bb4.27.6&Prime; _module_preset=\u00a0\u00bbdefault\u00a0\u00bb custom_margin=\u00a0\u00bb3px|||3px|false|false\u00a0\u00bb custom_padding=\u00a0\u00bb|||3px|false|false\u00a0\u00bb border_radii=\u00a0\u00bbon|16px|16px|16px|16px\u00a0\u00bb border_width_all=\u00a0\u00bb3px\u00a0\u00bb border_color_all=\u00a0\u00bbrgba(12,113,195,0.2)\u00a0\u00bb box_shadow_style=\u00a0\u00bbpreset1&Prime; locked=\u00a0\u00bboff\u00a0\u00bb global_colors_info=\u00a0\u00bb{}\u00a0\u00bb]<\/p>\n<p><strong>FEVRIER 2026<\/strong><br \/>CGR_CR du cours du 10 f\u00e9vrier 2026<br \/>CGR_M\u00e9moire familiale \u2013 L\u00e9gende et r\u00e9alit\u00e9<br \/>CGR_Rechercher Cartes et Photos des lieux de vie de nos anc\u00eatres<br \/>CGR_Rechercher une victime du nazisme aux archives d\u2019Arolsen<br \/>CGR_Rechercher et identifier une personne sur une photo (d\u00e9tours et contours)<br \/>CGR_Pal\u00e9ographie_S de 1619<\/p>\n<p>[\/et_pb_text][et_pb_text admin_label=\u00a0\u00bbAvril\u00a0\u00bb _builder_version=\u00a0\u00bb4.27.6&Prime; _module_preset=\u00a0\u00bbdefault\u00a0\u00bb custom_margin=\u00a0\u00bb3px|||3px|false|false\u00a0\u00bb custom_padding=\u00a0\u00bb|||3px|false|false\u00a0\u00bb border_radii=\u00a0\u00bbon|16px|16px|16px|16px\u00a0\u00bb border_width_all=\u00a0\u00bb3px\u00a0\u00bb border_color_all=\u00a0\u00bbrgba(12,113,195,0.2)\u00a0\u00bb box_shadow_style=\u00a0\u00bbpreset1&Prime; locked=\u00a0\u00bboff\u00a0\u00bb global_colors_info=\u00a0\u00bb{}\u00a0\u00bb]<\/p>\n<h4><strong>AVRIL 2026<\/strong><\/h4>\n<p>CGR Recherche d&rsquo;un \u00e9vad\u00e9CGR Recherche d&rsquo;un prisonnier<br \/>CGR_CR-Atelier-Experts du 26\/01\/2026<br \/>CGR_Enigme-DEROGY_M\u00e9thode et Solution<br \/>CGR_Dispenses de parent\u00e9 au mariage<br \/>CGR_Anc\u00eatres \u00e0 New-York_Site-Internet n\u00b022<br \/>CGR_Pal\u00e9ographie_FROUIN_1627<br \/>CGR_Wreck_Retrouver un naufrag\u00e9_Site-Interne-n\u00b021<\/p>\n<p>&nbsp;<\/p>\n<p>&nbsp;<\/p>\n<p>[\/et_pb_text][\/et_pb_column][\/et_pb_row][\/et_pb_section][et_pb_section fb_built=\u00a0\u00bb1&Prime; _builder_version=\u00a0\u00bb4.27.5&Prime; _module_preset=\u00a0\u00bbdefault\u00a0\u00bb border_width_all=\u00a0\u00bb2px\u00a0\u00bb border_color_all=\u00a0\u00bbrgba(12,113,195,0.24)\u00a0\u00bb global_colors_info=\u00a0\u00bb{}\u00a0\u00bb][\/et_pb_section]<\/p>\n","protected":false},"excerpt":{"rendered":"<p>FICHES EXPERTS 2025-2026Clic ici pour choisir les fiches \u00e0 t\u00e9l\u00e9chargerSEPTEMBRE 2025CGR Compte-rendu de l\u2019atelier du 23\/09CGG Sites internet n\u00b012 Portraits AnciensCGR Sites internet n\u00b013 PapersCGR Enigme RIO Solution n\u00b01SEPTEMBRE 2025CGR Compte-rendu de l\u2019atelier du 23\/09CGG Sites internet n\u00b012 Portraits AnciensCGR Sites internet n\u00b013 PapersCGR Enigme RIO Solution n\u00b01OCTOBRE 2025CGR CR de l&rsquo;atelier du 14\/10CGR Site [&hellip;]<\/p>\n","protected":false},"author":1,"featured_media":0,"parent":0,"menu_order":0,"comment_status":"closed","ping_status":"closed","template":"","meta":{"_et_pb_use_builder":"on","_et_pb_old_content":"","_et_gb_content_width":"","footnotes":""},"class_list":["post-1297","page","type-page","status-publish","hentry"],"_links":{"self":[{"href":"https:\/\/mazery.fr\/index.php?rest_route=\/wp\/v2\/pages\/1297","targetHints":{"allow":["GET"]}}],"collection":[{"href":"https:\/\/mazery.fr\/index.php?rest_route=\/wp\/v2\/pages"}],"about":[{"href":"https:\/\/mazery.fr\/index.php?rest_route=\/wp\/v2\/types\/page"}],"author":[{"embeddable":true,"href":"https:\/\/mazery.fr\/index.php?rest_route=\/wp\/v2\/users\/1"}],"replies":[{"embeddable":true,"href":"https:\/\/mazery.fr\/index.php?rest_route=%2Fwp%2Fv2%2Fcomments&post=1297"}],"version-history":[{"count":63,"href":"https:\/\/mazery.fr\/index.php?rest_route=\/wp\/v2\/pages\/1297\/revisions"}],"predecessor-version":[{"id":1486,"href":"https:\/\/mazery.fr\/index.php?rest_route=\/wp\/v2\/pages\/1297\/revisions\/1486"}],"wp:attachment":[{"href":"https:\/\/mazery.fr\/index.php?rest_route=%2Fwp%2Fv2%2Fmedia&parent=1297"}],"curies":[{"name":"wp","href":"https:\/\/api.w.org\/{rel}","templated":true}]}}