{"id":1377,"date":"2026-03-19T14:14:45","date_gmt":"2026-03-19T13:14:45","guid":{"rendered":"https:\/\/mazery.fr\/?page_id=1377"},"modified":"2026-03-19T14:50:50","modified_gmt":"2026-03-19T13:50:50","slug":"fonte","status":"publish","type":"page","link":"https:\/\/mazery.fr\/?page_id=1377","title":{"rendered":"FONTE"},"content":{"rendered":"<p>[et_pb_section fb_built=\u00a0\u00bb1&Prime; _builder_version=\u00a0\u00bb4.27.6&Prime; _module_preset=\u00a0\u00bbdefault\u00a0\u00bb global_colors_info=\u00a0\u00bb{}\u00a0\u00bb][et_pb_row _builder_version=\u00a0\u00bb4.27.6&Prime; _module_preset=\u00a0\u00bbdefault\u00a0\u00bb global_colors_info=\u00a0\u00bb{}\u00a0\u00bb][et_pb_column type=\u00a0\u00bb4_4&Prime; _builder_version=\u00a0\u00bb4.27.6&Prime; _module_preset=\u00a0\u00bbdefault\u00a0\u00bb global_colors_info=\u00a0\u00bb{}\u00a0\u00bb][et_pb_text _builder_version=\u00a0\u00bb4.27.6&Prime; _module_preset=\u00a0\u00bbdefault\u00a0\u00bb text_font=\u00a0\u00bbPoppins||||||||\u00a0\u00bb background_image=\u00a0\u00bbhttps:\/\/mazery.fr\/wp-content\/uploads\/2026\/03\/arbre-pour-image-fond-bis.webp\u00a0\u00bb hover_enabled=\u00a0\u00bb0&Prime; global_colors_info=\u00a0\u00bb{}\u00a0\u00bb sticky_enabled=\u00a0\u00bb0&Prime;]<\/p>\n<p align=\"left\">Le CGR vous accompagne dans vos recherches g\u00e9n\u00e9alogiques &#8230;<\/p>\n<p>&#8230; et vous donne les bonnes m\u00e9thodes pour r\u00e9ussir vos recherches g\u00e9n\u00e9alogiques.<br \/>\nLe CGR vous accompagne tout au long de votre d\u00e9marche, de la d\u00e9couverts des anc\u00eatres \u00e0 leur mise en lumi\u00e8re dans une publication \u00e0 l&rsquo;usage de vos proches.<\/p>\n<p align=\"left\">Le CGR vous accompagne dans vos recherches g\u00e9n\u00e9alogiques &#8230;<\/p>\n<p>&#8230; et vous donne les bonnes m\u00e9thodes pour r\u00e9ussir vos recherches g\u00e9n\u00e9alogiques.<br \/>\nLe CGR vous accompagne tout au long de votre d\u00e9marche, de la d\u00e9couverts des anc\u00eatres \u00e0 leur mise en lumi\u00e8re dans une publication \u00e0 l&rsquo;usage de vos proches.<\/p>\n<p align=\"left\">Le CGR vous accompagne dans vos recherches g\u00e9n\u00e9alogiques &#8230;<\/p>\n<p>&#8230; et vous donne les bonnes m\u00e9thodes pour r\u00e9ussir vos recherches g\u00e9n\u00e9alogiques.<br \/>\nLe CGR vous accompagne tout au long de votre d\u00e9marche, de la d\u00e9couverts des anc\u00eatres \u00e0 leur mise en lumi\u00e8re dans une publication \u00e0 l&rsquo;usage de vos proches.[\/et_pb_text][\/et_pb_column][\/et_pb_row][\/et_pb_section]<\/p>\n","protected":false},"excerpt":{"rendered":"<p>Le CGR vous accompagne dans vos recherches g\u00e9n\u00e9alogiques &#8230; &#8230; et vous donne les bonnes m\u00e9thodes pour r\u00e9ussir vos recherches g\u00e9n\u00e9alogiques. Le CGR vous accompagne tout au long de votre d\u00e9marche, de la d\u00e9couverts des anc\u00eatres \u00e0 leur mise en lumi\u00e8re dans une publication \u00e0 l&rsquo;usage de vos proches. Le CGR vous accompagne dans vos [&hellip;]<\/p>\n","protected":false},"author":1,"featured_media":0,"parent":0,"menu_order":0,"comment_status":"closed","ping_status":"closed","template":"","meta":{"_et_pb_use_builder":"on","_et_pb_old_content":"","_et_gb_content_width":"","footnotes":""},"class_list":["post-1377","page","type-page","status-publish","hentry"],"_links":{"self":[{"href":"https:\/\/mazery.fr\/index.php?rest_route=\/wp\/v2\/pages\/1377","targetHints":{"allow":["GET"]}}],"collection":[{"href":"https:\/\/mazery.fr\/index.php?rest_route=\/wp\/v2\/pages"}],"about":[{"href":"https:\/\/mazery.fr\/index.php?rest_route=\/wp\/v2\/types\/page"}],"author":[{"embeddable":true,"href":"https:\/\/mazery.fr\/index.php?rest_route=\/wp\/v2\/users\/1"}],"replies":[{"embeddable":true,"href":"https:\/\/mazery.fr\/index.php?rest_route=%2Fwp%2Fv2%2Fcomments&post=1377"}],"version-history":[{"count":7,"href":"https:\/\/mazery.fr\/index.php?rest_route=\/wp\/v2\/pages\/1377\/revisions"}],"predecessor-version":[{"id":1392,"href":"https:\/\/mazery.fr\/index.php?rest_route=\/wp\/v2\/pages\/1377\/revisions\/1392"}],"wp:attachment":[{"href":"https:\/\/mazery.fr\/index.php?rest_route=%2Fwp%2Fv2%2Fmedia&parent=1377"}],"curies":[{"name":"wp","href":"https:\/\/api.w.org\/{rel}","templated":true}]}}