{"id":169,"date":"2025-09-19T20:02:16","date_gmt":"2025-09-19T18:02:16","guid":{"rendered":"https:\/\/mazery.fr\/?page_id=169"},"modified":"2026-02-13T09:46:53","modified_gmt":"2026-02-13T08:46:53","slug":"cousinade-tendron","status":"publish","type":"page","link":"https:\/\/mazery.fr\/?page_id=169","title":{"rendered":"COUSINADE TENDRON"},"content":{"rendered":"[et_pb_section admin_label=\u00a0\u00bbsection\u00a0\u00bb]\n\t\t\t[et_pb_row admin_label=\u00a0\u00bbrow\u00a0\u00bb]\n\t\t\t\t[et_pb_column type=\u00a0\u00bb4_4&Prime;][et_pb_text admin_label=\u00a0\u00bbText\u00a0\u00bb]\n<p>La cousinade TENDRON \u00e0 eu lieu le samedi 13 septembre \u00e0 Orvault (44)<\/p>\n\n\n\n<p>Plus de 200 descendants (sur les 13 000 recens\u00e9s) de Fran\u00e7ois TENDRON n\u00e9 en 1607 (\u00e9poux LEMERLE) \u00e9taient r\u00e9unis \u00e0 l&rsquo;initiative de l&rsquo;association Orvault G\u00e9n\u00e9alogie.<\/p>\n\n\n\n<p>Voici l&rsquo;article publi\u00e9 par Ouest-France :<\/p>\n\n\n\n<p><strong>Ils ont d\u00e9roul\u00e9 l\u2019arbre g\u00e9n\u00e9alogique de 48&nbsp;m pour la cousinade des \u00e9poux Tendron-Lemerle<\/strong><\/p>\n\n\n\n<p>Samedi 13&nbsp;septembre, Orvault g\u00e9n\u00e9alogie a rassembl\u00e9, \u00e0 l\u2019Odyss\u00e9e, quelque 250&nbsp;descendants de la famille Tendron-Lemerle, qui ont rencontr\u00e9 leurs lointains cousins en chair et en os. Les retrouvailles ont \u00e9t\u00e9 film\u00e9es par France 2. Le reportage devrait est diffus\u00e9 vendredi&nbsp;19 ou samedi&nbsp;20 ou dimanche 21&nbsp;septembre, au journal de 20&nbsp;h.<\/p>\n\n\n\n<figure class=\"wp-block-image size-large\"><img loading=\"lazy\" decoding=\"async\" width=\"1024\" height=\"473\" src=\"https:\/\/mazery.fr\/wp-content\/uploads\/2025\/09\/1757854449368-1-1024x473.png\" alt=\"\" class=\"wp-image-170\" srcset=\"https:\/\/mazery.fr\/wp-content\/uploads\/2025\/09\/1757854449368-1-1024x473.png 1024w, https:\/\/mazery.fr\/wp-content\/uploads\/2025\/09\/1757854449368-1-300x138.png 300w, https:\/\/mazery.fr\/wp-content\/uploads\/2025\/09\/1757854449368-1-768x354.png 768w, https:\/\/mazery.fr\/wp-content\/uploads\/2025\/09\/1757854449368-1-1536x709.png 1536w, https:\/\/mazery.fr\/wp-content\/uploads\/2025\/09\/1757854449368-1-2048x945.png 2048w\" sizes=\"(max-width: 1024px) 100vw, 1024px\" \/><\/figure>\n\n\n\n<p>Jean-Pierre Mazery et sa cousine lointaine Jacqueline Rou\u00e9, n\u00e9e Le Cloarec. |&nbsp;OUEST-FRANCE<\/p>\n\n\n\n<p><a href=\"https:\/\/www.ouest-france.fr\/\">Ouest-France<\/a> Publi\u00e9 le&nbsp;18\/09\/2025&nbsp;<a href=\"https:\/\/www.ouest-france.fr\/pays-de-la-loire\/orvault-44700\/ils-ont-deroule-larbre-genealogique-de-48-m-pour-la-cousinade-des-epoux-tendron-lemerle-71c79be2-9467-11f0-bee7-32a50fc521a5\">lien<\/a><\/p>\n\n\n\n<p>Samedi 13&nbsp;septembre avait lieu la grande cousinade des descendants du couple de Fran\u00e7ois Tendron (1607-1680) et Yvonne Lemerle (1618-1679). L\u2019arbre g\u00e9n\u00e9alogique de 48&nbsp;m, patiemment \u00e9labor\u00e9 pendant un an et demi par les membres de l\u2019association Orvault g\u00e9n\u00e9alogie, a permis aux personnes pr\u00e9sentes de visualiser leur ascendance.&nbsp;&nbsp;C\u2019est une aventure formidable, un \u00e9lan collectif qui nous a tous rapproch\u00e9s et nous sommes contents d\u2019avoir r\u00e9uni tout ce monde aujourd\u2019hui&nbsp;\u00bb,&nbsp;a d\u00e9clar\u00e9 V\u00e9ronique Pabois, tr\u00e8s \u00e9mue, lors de son discours de bienvenue devant l\u2019assembl\u00e9e des descendants<\/p>\n\n\n\n<p>Retrouver ses cousins et tisser des liens<\/p>\n\n\n\n<p>Jacqueline Rou\u00e9, n\u00e9e au Croisic, est apparent\u00e9e au couple Tendron-Lemerle par son grand-p\u00e8re Pierre M\u00e9tayer et fait partie de la dixi\u00e8me g\u00e9n\u00e9ration. Elle est une lointaine cousine de Jean-Pierre Mazery, lui-m\u00eame de la neuvi\u00e8mle g\u00e9n\u00e9ration de la famille Tendron. Jean-Pierre Mazery est n\u00e9 \u00e0 La Chapelle-sur-Erdre et a v\u00e9cu \u00e0 Orvault jusqu\u2019en 1970.<\/p>\n\n\n\n<p>En participant \u00e0 la cousinade, il a retrouv\u00e9 des copains de l\u2019\u00e9cole Saint-Joseph, d\u2019anciens cousins perdus de vue.&nbsp;&nbsp;J\u2019ai travaill\u00e9 avec les membres d\u2019Orvault g\u00e9n\u00e9alogie, car je savais que j\u2019en faisais partie&nbsp;: mon nom appara\u00eet cinq fois par ma grand-m\u00e8re Anne-Marie Robert (1828-1948)&nbsp;<strong>\u00bb<\/strong>&nbsp;<strong>,&nbsp;<\/strong>explique cet Orvaltais de souche, qui est devenu Vannetais.&nbsp;<strong>\u00ab&nbsp;Je suis f\u00e9ru de g\u00e9n\u00e9alogie et en plus d\u2019avoir cherch\u00e9 mes origines, j\u2019ai \u00e9crit&nbsp;<\/strong><em><strong>La vie de mes parents&nbsp;: Jeanne Potiron et Louis Mazery,&nbsp;<\/strong><\/em><strong>un ouvrage de 300&nbsp;pages avec des photos de famille. Nous avons habit\u00e9 le lieu-dit le Roullard jusqu\u2019en 1971, pr\u00e8s de la Retardi\u00e8re. Mon p\u00e8re est rest\u00e9 \u00e0 Orvault jusqu\u2019en 1991. Ma m\u00e8re a eu huit enfants et a re\u00e7u la m\u00e9daille de la famille fran\u00e7aise.&nbsp;\u00bb<\/strong><\/p>\n\n\n\n<p>Le club de g\u00e9n\u00e9alogie de Jean-Pierre Mazery, \u00e0 Saint-Gildas-de-Rhuys, organise un salon les samedi&nbsp;11 et dimanche 12&nbsp;octobre, auquel Orvault g\u00e9n\u00e9alogie est convi\u00e9, ainsi que tous ceux qui partagent cette passion.<\/p>\n\n\n\n<p>L\u2019Anglaise St\u00e9phanie Dale, qui a \u00e9t\u00e9 adopt\u00e9e, est venue retrouver sa famille biologique.&nbsp;&nbsp;J\u2019ai retrouv\u00e9 ma cousine Maryse Pivaut et d\u2019autres cousins tr\u00e8s \u00e9loign\u00e9s.&nbsp;&nbsp;Ce sont toutes ces retrouvailles qu\u2019une \u00e9quipe de&nbsp;<em>France 2<\/em>&nbsp;a immortalis\u00e9es. Le reportage devrait \u00eatre diffus\u00e9, vendredi ou samedi ou dimanche, au journal de 20&nbsp;h.<\/p>\n\n\n\n<p><strong>Contact&nbsp;:<\/strong>&nbsp;orvaultgenealogie@gmail.com<\/p>\n\n\n\n<p>Cette cousinade a \u00e9t\u00e9 film\u00e9e par France 2 et le reportage devrait passer au journal de 20h soit le vendredi 19 ou samedi 20 ou dimanche 21 septembre. Voici le lien pour voir le reportage pass\u00e9 \u00e0 la TV le 20 septembre : <a href=\"https:\/\/www.franceinfo.fr\/culture\/cousinades-des-retrouvailles-xxl-qui-rejouissent-les-familles_7503898.htm\">https:\/\/www.franceinfo.fr\/culture\/cousinades-des-retrouvailles-xxl-qui-rejouissent-les-familles_7503898.htm<\/a><\/p>\n\n\n\n<p>Voici la photo de groupe de la cousinade :<\/p>\n\n\n\n<figure class=\"wp-block-image size-large\"><img decoding=\"async\" src=\"https:\/\/mazery.fr\/wp-content\/uploads\/2025\/09\/Photo-de-groupe-cousinade-13-septembre--1024x683.png\" alt=\"\" class=\"wp-image-171\"\/><\/figure>\n[\/et_pb_text][\/et_pb_column]\n\t\t\t[\/et_pb_row]\n\t\t[\/et_pb_section]","protected":false},"excerpt":{"rendered":"<p>La cousinade TENDRON \u00e0 eu lieu le samedi 13 septembre \u00e0 Orvault (44) Plus de 200 descendants (sur les 13 000 recens\u00e9s) de Fran\u00e7ois TENDRON n\u00e9 en 1607 (\u00e9poux LEMERLE) \u00e9taient r\u00e9unis \u00e0 l&rsquo;initiative de l&rsquo;association Orvault G\u00e9n\u00e9alogie. Voici l&rsquo;article publi\u00e9 par Ouest-France : Ils ont d\u00e9roul\u00e9 l\u2019arbre g\u00e9n\u00e9alogique de 48&nbsp;m pour la cousinade des [&hellip;]<\/p>\n","protected":false},"author":1,"featured_media":0,"parent":0,"menu_order":0,"comment_status":"closed","ping_status":"closed","template":"","meta":{"_et_pb_use_builder":"on","_et_pb_old_content":"<!-- wp:paragraph -->\n<p>La cousinade TENDRON \u00e0 eu lieu le samedi 13 septembre \u00e0 Orvault (44)<\/p>\n<!-- \/wp:paragraph -->\n\n<!-- wp:paragraph -->\n<p>Plus de 200 descendants (sur les 13 000 recens\u00e9s) de Fran\u00e7ois TENDRON n\u00e9 en 1607 (\u00e9poux LEMERLE) \u00e9taient r\u00e9unis \u00e0 l'initiative de l'association Orvault G\u00e9n\u00e9alogie.<\/p>\n<!-- \/wp:paragraph -->\n\n<!-- wp:paragraph -->\n<p>Voici l'article publi\u00e9 par Ouest-France :<\/p>\n<!-- \/wp:paragraph -->\n\n<!-- wp:paragraph -->\n<p><strong>Ils ont d\u00e9roul\u00e9 l\u2019arbre g\u00e9n\u00e9alogique de 48&nbsp;m pour la cousinade des \u00e9poux Tendron-Lemerle<\/strong><\/p>\n<!-- \/wp:paragraph -->\n\n<!-- wp:paragraph -->\n<p>Samedi 13&nbsp;septembre, Orvault g\u00e9n\u00e9alogie a rassembl\u00e9, \u00e0 l\u2019Odyss\u00e9e, quelque 250&nbsp;descendants de la famille Tendron-Lemerle, qui ont rencontr\u00e9 leurs lointains cousins en chair et en os. Les retrouvailles ont \u00e9t\u00e9 film\u00e9es par France 2. Le reportage devrait est diffus\u00e9 vendredi&nbsp;19 ou samedi&nbsp;20 ou dimanche 21&nbsp;septembre, au journal de 20&nbsp;h.<\/p>\n<!-- \/wp:paragraph -->\n\n<!-- wp:image {\"id\":170,\"sizeSlug\":\"large\",\"linkDestination\":\"none\"} -->\n<figure class=\"wp-block-image size-large\"><img src=\"https:\/\/mazery.fr\/wp-content\/uploads\/2025\/09\/1757854449368-1-1024x473.png\" alt=\"\" class=\"wp-image-170\"\/><\/figure>\n<!-- \/wp:image -->\n\n<!-- wp:paragraph -->\n<p>Jean-Pierre Mazery et sa cousine lointaine Jacqueline Rou\u00e9, n\u00e9e Le Cloarec. |&nbsp;OUEST-FRANCE<\/p>\n<!-- \/wp:paragraph -->\n\n<!-- wp:paragraph -->\n<p><a href=\"https:\/\/www.ouest-france.fr\/\">Ouest-France<\/a> Publi\u00e9 le&nbsp;18\/09\/2025&nbsp;<a href=\"https:\/\/www.ouest-france.fr\/pays-de-la-loire\/orvault-44700\/ils-ont-deroule-larbre-genealogique-de-48-m-pour-la-cousinade-des-epoux-tendron-lemerle-71c79be2-9467-11f0-bee7-32a50fc521a5\">lien<\/a><\/p>\n<!-- \/wp:paragraph -->\n\n<!-- wp:paragraph -->\n<p>Samedi 13&nbsp;septembre avait lieu la grande cousinade des descendants du couple de Fran\u00e7ois Tendron (1607-1680) et Yvonne Lemerle (1618-1679). L\u2019arbre g\u00e9n\u00e9alogique de 48&nbsp;m, patiemment \u00e9labor\u00e9 pendant un an et demi par les membres de l\u2019association Orvault g\u00e9n\u00e9alogie, a permis aux personnes pr\u00e9sentes de visualiser leur ascendance.&nbsp;&nbsp;C\u2019est une aventure formidable, un \u00e9lan collectif qui nous a tous rapproch\u00e9s et nous sommes contents d\u2019avoir r\u00e9uni tout ce monde aujourd\u2019hui&nbsp;\u00bb,&nbsp;a d\u00e9clar\u00e9 V\u00e9ronique Pabois, tr\u00e8s \u00e9mue, lors de son discours de bienvenue devant l\u2019assembl\u00e9e des descendants<\/p>\n<!-- \/wp:paragraph -->\n\n<!-- wp:paragraph -->\n<p>Retrouver ses cousins et tisser des liens<\/p>\n<!-- \/wp:paragraph -->\n\n<!-- wp:paragraph -->\n<p>Jacqueline Rou\u00e9, n\u00e9e au Croisic, est apparent\u00e9e au couple Tendron-Lemerle par son grand-p\u00e8re Pierre M\u00e9tayer et fait partie de la dixi\u00e8me g\u00e9n\u00e9ration. Elle est une lointaine cousine de Jean-Pierre Mazery, lui-m\u00eame de la neuvi\u00e8mle g\u00e9n\u00e9ration de la famille Tendron. Jean-Pierre Mazery est n\u00e9 \u00e0 La Chapelle-sur-Erdre et a v\u00e9cu \u00e0 Orvault jusqu\u2019en 1970.<\/p>\n<!-- \/wp:paragraph -->\n\n<!-- wp:paragraph -->\n<p>En participant \u00e0 la cousinade, il a retrouv\u00e9 des copains de l\u2019\u00e9cole Saint-Joseph, d\u2019anciens cousins perdus de vue.&nbsp;&nbsp;J\u2019ai travaill\u00e9 avec les membres d\u2019Orvault g\u00e9n\u00e9alogie, car je savais que j\u2019en faisais partie&nbsp;: mon nom appara\u00eet cinq fois par ma grand-m\u00e8re Anne-Marie Robert (1828-1948)&nbsp;<strong>\u00bb<\/strong>&nbsp;<strong>,&nbsp;<\/strong>explique cet Orvaltais de souche, qui est devenu Vannetais.&nbsp;<strong>\u00ab&nbsp;Je suis f\u00e9ru de g\u00e9n\u00e9alogie et en plus d\u2019avoir cherch\u00e9 mes origines, j\u2019ai \u00e9crit&nbsp;<\/strong><em><strong>La vie de mes parents&nbsp;: Jeanne Potiron et Louis Mazery,&nbsp;<\/strong><\/em><strong>un ouvrage de 300&nbsp;pages avec des photos de famille. Nous avons habit\u00e9 le lieu-dit le Roullard jusqu\u2019en 1971, pr\u00e8s de la Retardi\u00e8re. Mon p\u00e8re est rest\u00e9 \u00e0 Orvault jusqu\u2019en 1991. Ma m\u00e8re a eu huit enfants et a re\u00e7u la m\u00e9daille de la famille fran\u00e7aise.&nbsp;\u00bb<\/strong><\/p>\n<!-- \/wp:paragraph -->\n\n<!-- wp:paragraph -->\n<p>Le club de g\u00e9n\u00e9alogie de Jean-Pierre Mazery, \u00e0 Saint-Gildas-de-Rhuys, organise un salon les samedi&nbsp;11 et dimanche 12&nbsp;octobre, auquel Orvault g\u00e9n\u00e9alogie est convi\u00e9, ainsi que tous ceux qui partagent cette passion.<\/p>\n<!-- \/wp:paragraph -->\n\n<!-- wp:paragraph -->\n<p>L\u2019Anglaise St\u00e9phanie Dale, qui a \u00e9t\u00e9 adopt\u00e9e, est venue retrouver sa famille biologique.&nbsp;&nbsp;J\u2019ai retrouv\u00e9 ma cousine Maryse Pivaut et d\u2019autres cousins tr\u00e8s \u00e9loign\u00e9s.&nbsp;&nbsp;Ce sont toutes ces retrouvailles qu\u2019une \u00e9quipe de&nbsp;<em>France 2<\/em>&nbsp;a immortalis\u00e9es. Le reportage devrait \u00eatre diffus\u00e9, vendredi ou samedi ou dimanche, au journal de 20&nbsp;h.<\/p>\n<!-- \/wp:paragraph -->\n\n<!-- wp:paragraph -->\n<p><strong>Contact&nbsp;:<\/strong>&nbsp;orvaultgenealogie@gmail.com<\/p>\n<!-- \/wp:paragraph -->\n\n<!-- wp:paragraph -->\n<p>Cette cousinade a \u00e9t\u00e9 film\u00e9e par France 2 et le reportage devrait passer au journal de 20h soit le vendredi 19 ou samedi 20 ou dimanche 21 septembre. Voici le lien pour voir le reportage pass\u00e9 \u00e0 la TV le 20 septembre : <a href=\"https:\/\/www.franceinfo.fr\/culture\/cousinades-des-retrouvailles-xxl-qui-rejouissent-les-familles_7503898.htm\">https:\/\/www.franceinfo.fr\/culture\/cousinades-des-retrouvailles-xxl-qui-rejouissent-les-familles_7503898.htm<\/a><\/p>\n<!-- \/wp:paragraph -->\n\n<!-- wp:paragraph -->\n<p>Voici la photo de groupe de la cousinade :<\/p>\n<!-- \/wp:paragraph -->\n\n<!-- wp:image {\"id\":171,\"sizeSlug\":\"large\",\"linkDestination\":\"none\"} -->\n<figure class=\"wp-block-image size-large\"><img src=\"https:\/\/mazery.fr\/wp-content\/uploads\/2025\/09\/Photo-de-groupe-cousinade-13-septembre--1024x683.png\" alt=\"\" class=\"wp-image-171\"\/><\/figure>\n<!-- \/wp:image -->","_et_gb_content_width":"","footnotes":""},"class_list":["post-169","page","type-page","status-publish","hentry"],"_links":{"self":[{"href":"https:\/\/mazery.fr\/index.php?rest_route=\/wp\/v2\/pages\/169","targetHints":{"allow":["GET"]}}],"collection":[{"href":"https:\/\/mazery.fr\/index.php?rest_route=\/wp\/v2\/pages"}],"about":[{"href":"https:\/\/mazery.fr\/index.php?rest_route=\/wp\/v2\/types\/page"}],"author":[{"embeddable":true,"href":"https:\/\/mazery.fr\/index.php?rest_route=\/wp\/v2\/users\/1"}],"replies":[{"embeddable":true,"href":"https:\/\/mazery.fr\/index.php?rest_route=%2Fwp%2Fv2%2Fcomments&post=169"}],"version-history":[{"count":3,"href":"https:\/\/mazery.fr\/index.php?rest_route=\/wp\/v2\/pages\/169\/revisions"}],"predecessor-version":[{"id":213,"href":"https:\/\/mazery.fr\/index.php?rest_route=\/wp\/v2\/pages\/169\/revisions\/213"}],"wp:attachment":[{"href":"https:\/\/mazery.fr\/index.php?rest_route=%2Fwp%2Fv2%2Fmedia&parent=169"}],"curies":[{"name":"wp","href":"https:\/\/api.w.org\/{rel}","templated":true}]}}