{"id":20,"date":"2024-07-27T21:15:11","date_gmt":"2024-07-27T19:15:11","guid":{"rendered":"https:\/\/mazery.fr\/?page_id=20"},"modified":"2026-02-17T19:17:51","modified_gmt":"2026-02-17T18:17:51","slug":"actualite","status":"publish","type":"page","link":"https:\/\/mazery.fr\/?page_id=20","title":{"rendered":"Actualit\u00e9s"},"content":{"rendered":"\r\n<p>Bonjour, voici les derni\u00e8res nouvelles de la famille MAZERY. Cliquez sur l&rsquo;ann\u00e9e pour voir les \u00e9v\u00e8nements survenus dans la famille cette ann\u00e9e-l\u00e0.<\/p>\r\n\r\n\r\n\r\n<ul class=\"wp-block-list\">\r\n<li><a href=\"https:\/\/mazery.fr\/?page_id=114\">2025<\/a><\/li>\r\n\r\n\r\n\r\n<li><a href=\"https:\/\/mazery.fr\/?page_id=31\">2024<\/a><\/li>\r\n\r\n\r\n\r\n<li><a href=\"https:\/\/mazery.fr\/?page_id=35\" data-type=\"page\" data-id=\"35\">2023<\/a><\/li>\r\n\r\n\r\n\r\n<li><a href=\"https:\/\/mazery.fr\/?page_id=66\" data-type=\"page\" data-id=\"66\">2022<\/a><\/li>\r\n\r\n\r\n\r\n<li><a href=\"https:\/\/mazery.fr\/?page_id=86\" data-type=\"page\" data-id=\"86\">2021<\/a><\/li>\r\n\r\n\r\n\r\n<li><a href=\"https:\/\/mazery.fr\/?page_id=140\">2020<\/a><\/li>\r\n\r\n\r\n\r\n<li>2019<\/li>\r\n\r\n\r\n\r\n<li>2018<\/li>\r\n\r\n\r\n\r\n<li>2017<\/li>\r\n\r\n\r\n\r\n<li>2016<\/li>\r\n\r\n\r\n\r\n<li>2015<\/li>\r\n\r\n\r\n\r\n<li>2014<\/li>\r\n\r\n\r\n\r\n<li>2013<\/li>\r\n\r\n\r\n\r\n<li>2012<\/li>\r\n\r\n\r\n\r\n<li>2011<\/li>\r\n\r\n\r\n\r\n<li>2010<\/li>\r\n\r\n\r\n\r\n<li>2009<\/li>\r\n\r\n\r\n\r\n<li>2008<\/li>\r\n\r\n\r\n\r\n<li>2007<\/li>\r\n\r\n\r\n\r\n<li>2006<\/li>\r\n\r\n\r\n\r\n<li>2005<\/li>\r\n\r\n\r\n\r\n<li>2004<\/li>\r\n\r\n\r\n\r\n<li>2003<\/li>\r\n\r\n\r\n\r\n<li>2002<\/li>\r\n\r\n\r\n\r\n<li>2001<\/li>\r\n\r\n\r\n\r\n<li>2000<\/li>\r\n\r\n\r\n\r\n<li><\/li>\r\n<\/ul>\r\n","protected":false},"excerpt":{"rendered":"<p>Bonjour, voici les derni\u00e8res nouvelles de la famille MAZERY. Cliquez sur l&rsquo;ann\u00e9e pour voir les \u00e9v\u00e8nements survenus dans la famille cette ann\u00e9e-l\u00e0. 2025 2024 2023 2022 2021 2020 2019 2018 2017 2016 2015 2014 2013 2012 2011 2010 2009 2008 2007 2006 2005 2004 2003 2002 2001 2000<\/p>\n","protected":false},"author":1,"featured_media":0,"parent":0,"menu_order":0,"comment_status":"closed","ping_status":"closed","template":"","meta":{"_et_pb_use_builder":"on","_et_pb_old_content":"<!-- wp:paragraph -->\r\n<p>Bonjour, voici les derni\u00e8res nouvelles de la famille MAZERY. Cliquez sur l'ann\u00e9e pour voir les \u00e9v\u00e8nements survenus dans la famille cette ann\u00e9e-l\u00e0.<\/p>\r\n<!-- \/wp:paragraph -->\r\n\r\n<!-- wp:list -->\r\n<ul class=\"wp-block-list\"><!-- wp:list-item -->\r\n<li><a href=\"https:\/\/mazery.fr\/?page_id=114\">2025<\/a><\/li>\r\n<!-- \/wp:list-item -->\r\n\r\n<!-- wp:list-item -->\r\n<li><a href=\"https:\/\/mazery.fr\/?page_id=31\">2024<\/a><\/li>\r\n<!-- \/wp:list-item -->\r\n\r\n<!-- wp:list-item -->\r\n<li><a href=\"https:\/\/mazery.fr\/?page_id=35\" data-type=\"page\" data-id=\"35\">2023<\/a><\/li>\r\n<!-- \/wp:list-item -->\r\n\r\n<!-- wp:list-item -->\r\n<li><a href=\"https:\/\/mazery.fr\/?page_id=66\" data-type=\"page\" data-id=\"66\">2022<\/a><\/li>\r\n<!-- \/wp:list-item -->\r\n\r\n<!-- wp:list-item -->\r\n<li><a href=\"https:\/\/mazery.fr\/?page_id=86\" data-type=\"page\" data-id=\"86\">2021<\/a><\/li>\r\n<!-- \/wp:list-item -->\r\n\r\n<!-- wp:list-item -->\r\n<li><a href=\"https:\/\/mazery.fr\/?page_id=140\">2020<\/a><\/li>\r\n<!-- \/wp:list-item -->\r\n\r\n<!-- wp:list-item -->\r\n<li>2019<\/li>\r\n<!-- \/wp:list-item -->\r\n\r\n<!-- wp:list-item -->\r\n<li>2018<\/li>\r\n<!-- \/wp:list-item -->\r\n\r\n<!-- wp:list-item -->\r\n<li>2017<\/li>\r\n<!-- \/wp:list-item -->\r\n\r\n<!-- wp:list-item -->\r\n<li>2016<\/li>\r\n<!-- \/wp:list-item -->\r\n\r\n<!-- wp:list-item -->\r\n<li>2015<\/li>\r\n<!-- \/wp:list-item -->\r\n\r\n<!-- wp:list-item -->\r\n<li>2014<\/li>\r\n<!-- \/wp:list-item -->\r\n\r\n<!-- wp:list-item -->\r\n<li>2013<\/li>\r\n<!-- \/wp:list-item -->\r\n\r\n<!-- wp:list-item -->\r\n<li>2012<\/li>\r\n<!-- \/wp:list-item -->\r\n\r\n<!-- wp:list-item -->\r\n<li>2011<\/li>\r\n<!-- \/wp:list-item -->\r\n\r\n<!-- wp:list-item -->\r\n<li>2010<\/li>\r\n<!-- \/wp:list-item -->\r\n\r\n<!-- wp:list-item -->\r\n<li>2009<\/li>\r\n<!-- \/wp:list-item -->\r\n\r\n<!-- wp:list-item -->\r\n<li>2008<\/li>\r\n<!-- \/wp:list-item -->\r\n\r\n<!-- wp:list-item -->\r\n<li>2007<\/li>\r\n<!-- \/wp:list-item -->\r\n\r\n<!-- wp:list-item -->\r\n<li>2006<\/li>\r\n<!-- \/wp:list-item -->\r\n\r\n<!-- wp:list-item -->\r\n<li>2005<\/li>\r\n<!-- \/wp:list-item -->\r\n\r\n<!-- wp:list-item -->\r\n<li>2004<\/li>\r\n<!-- \/wp:list-item -->\r\n\r\n<!-- wp:list-item -->\r\n<li>2003<\/li>\r\n<!-- \/wp:list-item -->\r\n\r\n<!-- wp:list-item -->\r\n<li>2002<\/li>\r\n<!-- \/wp:list-item -->\r\n\r\n<!-- wp:list-item -->\r\n<li>2001<\/li>\r\n<!-- \/wp:list-item -->\r\n\r\n<!-- wp:list-item -->\r\n<li>2000<\/li>\r\n<!-- \/wp:list-item -->\r\n\r\n<!-- wp:list-item -->\r\n<li><\/li>\r\n<!-- \/wp:list-item --><\/ul>\r\n<!-- \/wp:list -->","_et_gb_content_width":"","footnotes":""},"class_list":["post-20","page","type-page","status-publish","hentry"],"_links":{"self":[{"href":"https:\/\/mazery.fr\/index.php?rest_route=\/wp\/v2\/pages\/20","targetHints":{"allow":["GET"]}}],"collection":[{"href":"https:\/\/mazery.fr\/index.php?rest_route=\/wp\/v2\/pages"}],"about":[{"href":"https:\/\/mazery.fr\/index.php?rest_route=\/wp\/v2\/types\/page"}],"author":[{"embeddable":true,"href":"https:\/\/mazery.fr\/index.php?rest_route=\/wp\/v2\/users\/1"}],"replies":[{"embeddable":true,"href":"https:\/\/mazery.fr\/index.php?rest_route=%2Fwp%2Fv2%2Fcomments&post=20"}],"version-history":[{"count":25,"href":"https:\/\/mazery.fr\/index.php?rest_route=\/wp\/v2\/pages\/20\/revisions"}],"predecessor-version":[{"id":316,"href":"https:\/\/mazery.fr\/index.php?rest_route=\/wp\/v2\/pages\/20\/revisions\/316"}],"wp:attachment":[{"href":"https:\/\/mazery.fr\/index.php?rest_route=%2Fwp%2Fv2%2Fmedia&parent=20"}],"curies":[{"name":"wp","href":"https:\/\/api.w.org\/{rel}","templated":true}]}}