{"id":31,"date":"2024-12-07T18:02:25","date_gmt":"2024-12-07T17:02:25","guid":{"rendered":"http:\/\/mazery.fr\/?page_id=31"},"modified":"2026-02-13T09:45:34","modified_gmt":"2026-02-13T08:45:34","slug":"2024-2","status":"publish","type":"page","link":"https:\/\/mazery.fr\/?page_id=31","title":{"rendered":"2024"},"content":{"rendered":"<p>[et_pb_section][et_pb_row][et_pb_column type=\u00a0\u00bb4_4&Prime;][et_pb_text]<\/p>\r\n\r\n<p>Actualit\u00e9s 2024<\/p>\r\n\r\n\r\n\r\n<h2 class=\"wp-block-heading\">Naissance de Louarn FAVREAU-SEVENO<\/h2>\r\n\r\n\r\n\r\n<p>Voici une nouvelle naissance dans la famille.<\/p>\r\n\r\n\r\n\r\n<p>Il s\u2019agit de la naissance de Louarn FAVREAU-SEVENO en novembre 2024 dans le Morbihan<\/p>\r\n\r\n\r\n\r\n<p>C\u2019est le fils de Thierry et Manon<\/p>\r\n\r\n\r\n\r\n<p>Louarn est le petit-fils de Martine MAZERY et Guy SEVENO et en m\u00eame temps l\u2019arri\u00e8re-petit-fils de Bernard MAZERY et Simone MEREL.<\/p>\r\n\r\n\r\n\r\n<p>Louarn est le 100\u00e8 descendant de Louis MAZERY et Jeanne POTIRON<\/p>\r\n\r\n\r\n\r\n<figure class=\"wp-block-image size-large\"><img loading=\"lazy\" decoding=\"async\" width=\"1024\" height=\"768\" class=\"wp-image-105\" src=\"https:\/\/mazery.fr\/wp-content\/uploads\/2025\/01\/FAVREAU-Louarn-nov-2024-1024x768.jpg\" alt=\"\" srcset=\"https:\/\/mazery.fr\/wp-content\/uploads\/2025\/01\/FAVREAU-Louarn-nov-2024-1024x768.jpg 1024w, https:\/\/mazery.fr\/wp-content\/uploads\/2025\/01\/FAVREAU-Louarn-nov-2024-300x225.jpg 300w, https:\/\/mazery.fr\/wp-content\/uploads\/2025\/01\/FAVREAU-Louarn-nov-2024-768x576.jpg 768w, https:\/\/mazery.fr\/wp-content\/uploads\/2025\/01\/FAVREAU-Louarn-nov-2024-1536x1152.jpg 1536w, https:\/\/mazery.fr\/wp-content\/uploads\/2025\/01\/FAVREAU-Louarn-nov-2024.jpg 1600w\" sizes=\"(max-width: 1024px) 100vw, 1024px\" \/><\/figure>\r\n\r\n\r\n\r\n<h2 class=\"wp-block-heading\"><strong>Naissance de Lissandre GUITTET<\/strong><\/h2>\r\n\r\n\r\n\r\n<p>Bonjour, je m\u2019appelle Lissandre et je suis n\u00e9 d\u00e9but 2024 \u00e0 Nantes.<\/p>\r\n\r\n\r\n\r\n<p>Je fais le bonheur de mes parents Judith et Renan et de mes grands-parents Monique, Alain, Claude et Martine.<\/p>\r\n\r\n\r\n\r\n<figure class=\"wp-block-image size-large\"><img decoding=\"async\" class=\"wp-image-50\" src=\"https:\/\/mazery.fr\/wp-content\/uploads\/2024\/12\/1715431153380-461x1024.jpg\" alt=\"\" \/><\/figure>\r\n\r\n\r\n\r\n<figure class=\"wp-block-image size-large\"><img loading=\"lazy\" decoding=\"async\" width=\"1024\" height=\"209\" class=\"wp-image-52\" src=\"https:\/\/mazery.fr\/wp-content\/uploads\/2024\/12\/guitet_lissandre_arbre-1024x209.jpg\" alt=\"\" srcset=\"https:\/\/mazery.fr\/wp-content\/uploads\/2024\/12\/guitet_lissandre_arbre-1024x209.jpg 1024w, https:\/\/mazery.fr\/wp-content\/uploads\/2024\/12\/guitet_lissandre_arbre-300x61.jpg 300w, https:\/\/mazery.fr\/wp-content\/uploads\/2024\/12\/guitet_lissandre_arbre-768x157.jpg 768w, https:\/\/mazery.fr\/wp-content\/uploads\/2024\/12\/guitet_lissandre_arbre.jpg 1521w\" sizes=\"(max-width: 1024px) 100vw, 1024px\" \/><\/figure>\r\n\r\n\r\n\r\n<p>&nbsp;<\/p>\r\n\r\n\r\n\r\n<h2 class=\"wp-block-heading\"><strong>Naissance de Charlie fille de ABRAHAM Nathan et Elise CLAUDE<\/strong><\/h2>\r\n\r\n\r\n\r\n<p>&nbsp;<\/p>\r\n\r\n<p>[\/et_pb_text][\/et_pb_column][\/et_pb_row][\/et_pb_section]<\/p>","protected":false},"excerpt":{"rendered":"<p><div class=\"et_pb_section et_pb_section_0 et_section_regular\" >\n\t\t\t\t\n\t\t\t\t\n\t\t\t\t\n\t\t\t\t\n\t\t\t\t\n\t\t\t\t\n\t\t\t\t\n\t\t\t\t\n\t\t\t\t\n\t\t\t<\/div><div class=\"et_pb_row et_pb_row_0 et_pb_row_empty\">\n\t\t\t\t\n\t\t\t\t\n\t\t\t\t\n\t\t\t\t\n\t\t\t\t\n\t\t\t<\/div><div class=\"et_pb_module et_pb_text et_pb_text_0  et_pb_text_align_left et_pb_bg_layout_light\">\n\t\t\t\t\n\t\t\t\t\n\t\t\t\t\n\t\t\t\t\n\t\t\t\t\n\t\t\t<\/div> Actualit\u00e9s 2024 Naissance de Louarn FAVREAU-SEVENO Voici une nouvelle naissance dans la famille. Il s\u2019agit de la naissance de Louarn FAVREAU-SEVENO en novembre 2024 dans le Morbihan C\u2019est le fils de Thierry et Manon Louarn est le petit-fils de Martine MAZERY et Guy SEVENO et en m\u00eame temps l\u2019arri\u00e8re-petit-fils de Bernard MAZERY et Simone [&hellip;]<\/p>\n","protected":false},"author":1,"featured_media":0,"parent":20,"menu_order":0,"comment_status":"closed","ping_status":"closed","template":"","meta":{"_et_pb_use_builder":"on","_et_pb_old_content":"<!-- wp:paragraph -->\r\n<p>Actualit\u00e9s 2024<\/p>\r\n<!-- \/wp:paragraph --><!-- wp:heading -->\r\n<h2 class=\"wp-block-heading\">Naissance de Louarn FAVREAU-SEVENO<\/h2>\r\n<!-- \/wp:heading --><!-- wp:paragraph -->\r\n<p>Voici une nouvelle naissance dans la famille.<\/p>\r\n<!-- \/wp:paragraph --><!-- wp:paragraph -->\r\n<p>Il s\u2019agit de la naissance de Louarn FAVREAU-SEVENO en novembre 2024 dans le Morbihan<\/p>\r\n<!-- \/wp:paragraph --><!-- wp:paragraph -->\r\n<p>C\u2019est le fils de Thierry et Manon<\/p>\r\n<!-- \/wp:paragraph --><!-- wp:paragraph -->\r\n<p>Louarn est le petit-fils de Martine MAZERY et Guy SEVENO et en m\u00eame temps l\u2019arri\u00e8re-petit-fils de Bernard MAZERY et Simone MEREL.<\/p>\r\n<!-- \/wp:paragraph --><!-- wp:paragraph -->\r\n<p>Louarn est le 100\u00e8 descendant de Louis MAZERY et Jeanne POTIRON<\/p>\r\n<!-- \/wp:paragraph --><!-- wp:image {\"id\":105,\"sizeSlug\":\"large\",\"linkDestination\":\"none\"} -->\r\n<figure class=\"wp-block-image size-large\"><img class=\"wp-image-105\" src=\"https:\/\/mazery.fr\/wp-content\/uploads\/2025\/01\/FAVREAU-Louarn-nov-2024-1024x768.jpg\" alt=\"\" \/><\/figure>\r\n<!-- \/wp:image --><!-- wp:heading -->\r\n<h2 class=\"wp-block-heading\"><strong>Naissance de Lissandre GUITTET<\/strong><\/h2>\r\n<!-- \/wp:heading --><!-- wp:paragraph -->\r\n<p>Bonjour, je m\u2019appelle Lissandre et je suis n\u00e9 d\u00e9but 2024 \u00e0 Nantes.<\/p>\r\n<!-- \/wp:paragraph --><!-- wp:paragraph -->\r\n<p>Je fais le bonheur de mes parents Judith et Renan et de mes grands-parents Monique, Alain, Claude et Martine.<\/p>\r\n<!-- \/wp:paragraph --><!-- wp:image {\"id\":50,\"sizeSlug\":\"large\",\"linkDestination\":\"none\"} -->\r\n<figure class=\"wp-block-image size-large\"><img class=\"wp-image-50\" src=\"https:\/\/mazery.fr\/wp-content\/uploads\/2024\/12\/1715431153380-461x1024.jpg\" alt=\"\" \/><\/figure>\r\n<!-- \/wp:image --><!-- wp:image {\"id\":52,\"sizeSlug\":\"large\",\"linkDestination\":\"none\"} -->\r\n<figure class=\"wp-block-image size-large\"><img class=\"wp-image-52\" src=\"https:\/\/mazery.fr\/wp-content\/uploads\/2024\/12\/guitet_lissandre_arbre-1024x209.jpg\" alt=\"\" \/><\/figure>\r\n<!-- \/wp:image --><!-- wp:paragraph -->\r\n<p>\u00a0<\/p>\r\n<!-- \/wp:paragraph --><!-- wp:heading -->\r\n<h2 class=\"wp-block-heading\"><strong>Naissance de Charlie fille de ABRAHAM Nathan et Elise CLAUDE<\/strong><\/h2>\r\n<!-- \/wp:heading --><!-- wp:paragraph -->\r\n<p>\u00a0<\/p>\r\n<!-- \/wp:paragraph -->","_et_gb_content_width":"","footnotes":""},"class_list":["post-31","page","type-page","status-publish","hentry"],"_links":{"self":[{"href":"https:\/\/mazery.fr\/index.php?rest_route=\/wp\/v2\/pages\/31","targetHints":{"allow":["GET"]}}],"collection":[{"href":"https:\/\/mazery.fr\/index.php?rest_route=\/wp\/v2\/pages"}],"about":[{"href":"https:\/\/mazery.fr\/index.php?rest_route=\/wp\/v2\/types\/page"}],"author":[{"embeddable":true,"href":"https:\/\/mazery.fr\/index.php?rest_route=\/wp\/v2\/users\/1"}],"replies":[{"embeddable":true,"href":"https:\/\/mazery.fr\/index.php?rest_route=%2Fwp%2Fv2%2Fcomments&post=31"}],"version-history":[{"count":15,"href":"https:\/\/mazery.fr\/index.php?rest_route=\/wp\/v2\/pages\/31\/revisions"}],"predecessor-version":[{"id":212,"href":"https:\/\/mazery.fr\/index.php?rest_route=\/wp\/v2\/pages\/31\/revisions\/212"}],"up":[{"embeddable":true,"href":"https:\/\/mazery.fr\/index.php?rest_route=\/wp\/v2\/pages\/20"}],"wp:attachment":[{"href":"https:\/\/mazery.fr\/index.php?rest_route=%2Fwp%2Fv2%2Fmedia&parent=31"}],"curies":[{"name":"wp","href":"https:\/\/api.w.org\/{rel}","templated":true}]}}