{"id":35,"date":"2024-12-07T18:12:18","date_gmt":"2024-12-07T17:12:18","guid":{"rendered":"http:\/\/mazery.fr\/?page_id=35"},"modified":"2025-08-10T15:29:30","modified_gmt":"2025-08-10T13:29:30","slug":"2023-2","status":"publish","type":"page","link":"https:\/\/mazery.fr\/?page_id=35","title":{"rendered":"2023"},"content":{"rendered":"\n<h2 class=\"wp-block-heading\">Naissance de Julia BOUVRANDE-AUBERT<\/h2>\n\n\n\n<p>Bonjour, je m\u2019appelle Julia (BOUVRANDE AUBERT). Je suis n\u00e9e en octobre 2023 chez les Bretons (\u00e0 Vitr\u00e9 en Ille-et-Vilaine) !<\/p>\n\n\n\n<p>J&rsquo;ai d\u00e9cid\u00e9 de jouer les prolongations d&rsquo;une journ\u00e9e dans le ventre de maman pour arriver le m\u00eame jour que ma cousine, Oph\u00e9lie, avec 9 ans d&rsquo;\u00e9cart !<\/p>\n\n\n\n<p>Mon Papa : Jordan BOUVRANDE, est breton vitr\u00e9en et comptable&nbsp;<\/p>\n\n\n\n<p>Ma Maman : Cl\u00e9mence AUBERT, est mayennaise et conseill\u00e8re en insertion professionnelle.<\/p>\n\n\n\n<figure class=\"wp-block-image size-full\"><img loading=\"lazy\" decoding=\"async\" width=\"283\" height=\"377\" src=\"https:\/\/mazery.fr\/wp-content\/uploads\/2024\/12\/julia.jpg\" alt=\"\" class=\"wp-image-58\" srcset=\"https:\/\/mazery.fr\/wp-content\/uploads\/2024\/12\/julia.jpg 283w, https:\/\/mazery.fr\/wp-content\/uploads\/2024\/12\/julia-225x300.jpg 225w\" sizes=\"(max-width: 283px) 100vw, 283px\" \/><\/figure>\n\n\n\n<p>Mes grands-parents maternels sont Marie-No\u00eblle (CLAUDE) et R\u00e9my AUBERT.<\/p>\n\n\n\n<p>Mes grands-parents paternels sont Val\u00e9rie DURAND et Fr\u00e9d\u00e9ric BOUVRANDE<\/p>\n\n\n\n<p>Mes ar-grands-parents maternels sont Jeannette (MAZERY) et Marcel CLAUDE&nbsp;<\/p>\n\n\n\n<p>Mon plus vieil anc\u00eatre connu est Jan MAZERY n\u00e9 \u00e0 Nantes vers 1572&nbsp;!!!<\/p>\n\n\n\n<figure class=\"wp-block-image size-full\"><img decoding=\"async\" src=\"https:\/\/mazery.fr\/wp-content\/uploads\/2024\/12\/julia_diagramme.jpg\" alt=\"\" class=\"wp-image-61\"\/><\/figure>\n\n\n\n<h2 class=\"wp-block-heading\"><strong>Naissance de Ma\u00e9 SEVENO-GUILLO<\/strong><\/h2>\n\n\n\n<p>Je m\u2019appelle Ma\u00e9 SEVENO GUILLO et je suis n\u00e9 en 2023 pr\u00e8s de Rennes (35) France<\/p>\n\n\n\n<p>Mes parents sont Mathieu SEVENO et No\u00e9mie GUILLO et ils sont tr\u00e8s fiers de moi<\/p>\n\n\n\n<p>Mes grands-parents Guy et Martine viennent de d\u00e9couvrir leur premier petit-fils et sont ravis<\/p>\n\n\n\n<p>Mon anc\u00eatre Bernard MAZERY est tout heureux de se voir d\u00e9cerner le titre d\u2019ar-grand-p\u00e8re<\/p>\n\n\n\n<p>Mes anc\u00eatres plus lointains sont Jan MAZERY n\u00e9 vers 1572 et Marguerite LEPURAULT n\u00e9e vers 1575 \u00e0 Nantes<\/p>\n\n\n\n<p>Longue et heureuse vie \u00e0 Ma\u00e9&nbsp;!<\/p>\n\n\n\n<h2 class=\"wp-block-heading\"><strong>Naissance de C\u00e9lestin<\/strong> fils de Violaine MAZERY<\/h2>\n\n\n\n<p><\/p>\n","protected":false},"excerpt":{"rendered":"<p>Naissance de Julia BOUVRANDE-AUBERT Bonjour, je m\u2019appelle Julia (BOUVRANDE AUBERT). Je suis n\u00e9e en octobre 2023 chez les Bretons (\u00e0 Vitr\u00e9 en Ille-et-Vilaine) ! J&rsquo;ai d\u00e9cid\u00e9 de jouer les prolongations d&rsquo;une journ\u00e9e dans le ventre de maman pour arriver le m\u00eame jour que ma cousine, Oph\u00e9lie, avec 9 ans d&rsquo;\u00e9cart ! Mon Papa : Jordan [&hellip;]<\/p>\n","protected":false},"author":1,"featured_media":0,"parent":20,"menu_order":0,"comment_status":"closed","ping_status":"closed","template":"","meta":{"_et_pb_use_builder":"","_et_pb_old_content":"","_et_gb_content_width":"","footnotes":""},"class_list":["post-35","page","type-page","status-publish","hentry"],"_links":{"self":[{"href":"https:\/\/mazery.fr\/index.php?rest_route=\/wp\/v2\/pages\/35","targetHints":{"allow":["GET"]}}],"collection":[{"href":"https:\/\/mazery.fr\/index.php?rest_route=\/wp\/v2\/pages"}],"about":[{"href":"https:\/\/mazery.fr\/index.php?rest_route=\/wp\/v2\/types\/page"}],"author":[{"embeddable":true,"href":"https:\/\/mazery.fr\/index.php?rest_route=\/wp\/v2\/users\/1"}],"replies":[{"embeddable":true,"href":"https:\/\/mazery.fr\/index.php?rest_route=%2Fwp%2Fv2%2Fcomments&post=35"}],"version-history":[{"count":8,"href":"https:\/\/mazery.fr\/index.php?rest_route=\/wp\/v2\/pages\/35\/revisions"}],"predecessor-version":[{"id":149,"href":"https:\/\/mazery.fr\/index.php?rest_route=\/wp\/v2\/pages\/35\/revisions\/149"}],"up":[{"embeddable":true,"href":"https:\/\/mazery.fr\/index.php?rest_route=\/wp\/v2\/pages\/20"}],"wp:attachment":[{"href":"https:\/\/mazery.fr\/index.php?rest_route=%2Fwp%2Fv2%2Fmedia&parent=35"}],"curies":[{"name":"wp","href":"https:\/\/api.w.org\/{rel}","templated":true}]}}