{"id":5,"date":"2024-07-26T16:58:46","date_gmt":"2024-07-26T14:58:46","guid":{"rendered":"http:\/\/mazery.fr\/?page_id=5"},"modified":"2026-04-08T19:09:20","modified_gmt":"2026-04-08T17:09:20","slug":"accueil","status":"publish","type":"page","link":"https:\/\/mazery.fr\/","title":{"rendered":"Accueil"},"content":{"rendered":"<p>[et_pb_section fb_built=\u00a0\u00bb1&Prime; admin_label=\u00a0\u00bbAccueil\u00a0\u00bb _builder_version=\u00a0\u00bb4.27.6&Prime; custom_padding=\u00a0\u00bb||0px||false|false\u00a0\u00bb border_radii=\u00a0\u00bbon|19px|19px|19px|19px\u00a0\u00bb box_shadow_style=\u00a0\u00bbpreset1&Prime; global_colors_info=\u00a0\u00bb{}\u00a0\u00bb][et_pb_row column_structure=\u00a0\u00bb1_2,1_2&Prime; _builder_version=\u00a0\u00bb4.27.6&Prime; background_color=\u00a0\u00bbrgba(174,186,193,0.1)\u00a0\u00bb background_size=\u00a0\u00bbinitial\u00a0\u00bb background_position=\u00a0\u00bbtop_left\u00a0\u00bb background_repeat=\u00a0\u00bbrepeat\u00a0\u00bb hover_enabled=\u00a0\u00bb0&Prime; border_radii=\u00a0\u00bbon|3px|3px|3px|3px\u00a0\u00bb border_color_all=\u00a0\u00bbrgba(12,113,195,0)\u00a0\u00bb global_colors_info=\u00a0\u00bb{}\u00a0\u00bb sticky_enabled=\u00a0\u00bb0&Prime;][et_pb_column type=\u00a0\u00bb1_2&Prime; _builder_version=\u00a0\u00bb4.16&Prime; custom_padding=\u00a0\u00bb|||\u00a0\u00bb global_colors_info=\u00a0\u00bb{}\u00a0\u00bb custom_padding__hover=\u00a0\u00bb|||\u00a0\u00bb][et_pb_blurb title=\u00a0\u00bbBienvenue\u00a0\u00bb image=\u00a0\u00bbhttps:\/\/mazery.fr\/wp-content\/uploads\/2026\/02\/M-Louis-MAZERY-et-Jeanne-POTIRON-1934.webp\u00a0\u00bb alt=\u00a0\u00bbMes Parents Louis et Jeanne en 1934&Prime; image_icon_width=\u00a0\u00bb100%\u00a0\u00bb admin_label=\u00a0\u00bbBienvenue + photo\u00a0\u00bb _builder_version=\u00a0\u00bb4.27.6&Prime; _module_preset=\u00a0\u00bbdefault\u00a0\u00bb background_color=\u00a0\u00bbrgba(12,113,195,0.09)\u00a0\u00bb image_icon_custom_margin=\u00a0\u00bb17px||||false|false\u00a0\u00bb child_filter_brightness=\u00a0\u00bb111%\u00a0\u00bb child_filter_sepia=\u00a0\u00bb71%\u00a0\u00bb hover_enabled=\u00a0\u00bb0&Prime; border_radii=\u00a0\u00bbon|16px|16px|16px|16px\u00a0\u00bb border_width_all=\u00a0\u00bb6px\u00a0\u00bb border_color_all=\u00a0\u00bbrgba(12,113,195,0.55)\u00a0\u00bb border_radii_image=\u00a0\u00bbon|18px|18px|18px|18px\u00a0\u00bb box_shadow_style=\u00a0\u00bbpreset1&Prime; global_colors_info=\u00a0\u00bb{}\u00a0\u00bb sticky_enabled=\u00a0\u00bb0&Prime;]<\/p>\n<p>Bonjour, site en reconstruction, merci de votre patience. Revenez dans quelques semaines. A bient\u00f4t.<\/p>\n<p>Ce site \u00e0 pour objectif de cr\u00e9er un lien entre les familles MAZERY du monde entier, leurs descendants et collat\u00e9raux.<\/p>\n<p>[\/et_pb_blurb][\/et_pb_column][et_pb_column type=\u00a0\u00bb1_2&Prime; _builder_version=\u00a0\u00bb4.16&Prime; custom_padding=\u00a0\u00bb|||\u00a0\u00bb global_colors_info=\u00a0\u00bb{}\u00a0\u00bb custom_padding__hover=\u00a0\u00bb|||\u00a0\u00bb][et_pb_blurb title=\u00a0\u00bbSavez-vous que . . .\u00a0\u00bb admin_label=\u00a0\u00bbSavez-vous que?\u00a0\u00bb _builder_version=\u00a0\u00bb4.27.6&Prime; _module_preset=\u00a0\u00bbdefault\u00a0\u00bb header_level=\u00a0\u00bbh2&Prime; header_letter_spacing=\u00a0\u00bb3px\u00a0\u00bb header_line_height=\u00a0\u00bb1.4em\u00a0\u00bb body_text_align=\u00a0\u00bbjustify\u00a0\u00bb body_letter_spacing=\u00a0\u00bb3px\u00a0\u00bb background_color=\u00a0\u00bbrgba(12,113,195,0.06)\u00a0\u00bb text_orientation=\u00a0\u00bbjustified\u00a0\u00bb custom_margin=\u00a0\u00bb||||false|false\u00a0\u00bb custom_padding=\u00a0\u00bb3px|3px|3px|3px|false|false\u00a0\u00bb border_radii=\u00a0\u00bbon|16px|16px|16px|16px\u00a0\u00bb border_width_all=\u00a0\u00bb6px\u00a0\u00bb border_color_all=\u00a0\u00bbrgba(12,113,195,0.55)\u00a0\u00bb box_shadow_style=\u00a0\u00bbpreset1&Prime; global_colors_info=\u00a0\u00bb{}\u00a0\u00bb]<\/p>\n<p>Savez-vous que le patronyme MAZERY est tr\u00e8s rare?<br \/>Cependant, on le trouve principalement en France, aux USA, en Australie, \u00e0 l&rsquo;\u00eele Maurice et en Afrique du Sud.<\/p>\n<p>[\/et_pb_blurb][et_pb_blurb title=\u00a0\u00bbQue signifie le patronyme MAZERY?\u00a0\u00bb admin_label=\u00a0\u00bbPatronyme MAZERY\u00a0\u00bb _builder_version=\u00a0\u00bb4.27.6&Prime; _module_preset=\u00a0\u00bbdefault\u00a0\u00bb header_level=\u00a0\u00bbh3&Prime; header_letter_spacing=\u00a0\u00bb3px\u00a0\u00bb header_line_height=\u00a0\u00bb1.4em\u00a0\u00bb body_text_align=\u00a0\u00bbjustify\u00a0\u00bb body_letter_spacing=\u00a0\u00bb3px\u00a0\u00bb background_color=\u00a0\u00bbrgba(12,113,195,0.06)\u00a0\u00bb text_orientation=\u00a0\u00bbjustified\u00a0\u00bb custom_margin=\u00a0\u00bb||||false|false\u00a0\u00bb custom_padding=\u00a0\u00bb3px|3px|3px|3px|false|false\u00a0\u00bb border_radii=\u00a0\u00bbon|16px|16px|16px|16px\u00a0\u00bb border_width_all=\u00a0\u00bb6px\u00a0\u00bb border_color_all=\u00a0\u00bbrgba(12,113,195,0.55)\u00a0\u00bb box_shadow_style=\u00a0\u00bbpreset1&Prime; global_colors_info=\u00a0\u00bb{}\u00a0\u00bb]<\/p>\n<p>Mazery pourrait signifier la \u00ab\u00a0petite maison en ruines\u00a0\u00bb? \u00e0 moins que ce soit en rapport avec Maz\u00e8res, nom de village fr\u00e9quent peut-\u00eatre lui-m\u00eame issu de Mas, nom de village en occitan dans le sud de la France?<br \/>Autre hypoth\u00e8se : un mot d\u00e9riv\u00e9 de Maz\u00e9as qui en breton signifie Mathieu?<br \/>Enfin on trouve en Pologne la plaine de Mazery connue pour ses moustiques!<\/p>\n<p>\u00e0 vous de choisir l&rsquo;origine qui vous convient!<\/p>\n<p>[\/et_pb_blurb][\/et_pb_column][\/et_pb_row][\/et_pb_section]<\/p>\n","protected":false},"excerpt":{"rendered":"<p>Bonjour, site en reconstruction, merci de votre patience. Revenez dans quelques semaines. A bient\u00f4t. Ce site \u00e0 pour objectif de cr\u00e9er un lien entre les familles MAZERY du monde entier, leurs descendants et collat\u00e9raux.Savez-vous que le patronyme MAZERY est tr\u00e8s rare?Cependant, on le trouve principalement en France, aux USA, en Australie, \u00e0 l&rsquo;\u00eele Maurice et [&hellip;]<\/p>\n","protected":false},"author":1,"featured_media":0,"parent":0,"menu_order":1,"comment_status":"closed","ping_status":"closed","template":"","meta":{"_et_pb_use_builder":"on","_et_pb_old_content":"<!-- wp:paragraph -->\r\n<p>Bonjour, site en reconstruction, merci de votre patience. Revenez dans quelques semaines. A bient\u00f4t.<\/p>\r\n<!-- \/wp:paragraph --><!-- wp:paragraph -->\r\n<p>Ce site \u00e0 pour objectif de cr\u00e9er un lien entre les familles MAZERY du monde entier, leurs descendants et collat\u00e9raux.<\/p>\r\n<!-- \/wp:paragraph --><!-- wp:paragraph -->\r\n<p>\u00a0<\/p>\r\n<!-- \/wp:paragraph -->","_et_gb_content_width":"","footnotes":""},"class_list":["post-5","page","type-page","status-publish","hentry"],"_links":{"self":[{"href":"https:\/\/mazery.fr\/index.php?rest_route=\/wp\/v2\/pages\/5","targetHints":{"allow":["GET"]}}],"collection":[{"href":"https:\/\/mazery.fr\/index.php?rest_route=\/wp\/v2\/pages"}],"about":[{"href":"https:\/\/mazery.fr\/index.php?rest_route=\/wp\/v2\/types\/page"}],"author":[{"embeddable":true,"href":"https:\/\/mazery.fr\/index.php?rest_route=\/wp\/v2\/users\/1"}],"replies":[{"embeddable":true,"href":"https:\/\/mazery.fr\/index.php?rest_route=%2Fwp%2Fv2%2Fcomments&post=5"}],"version-history":[{"count":92,"href":"https:\/\/mazery.fr\/index.php?rest_route=\/wp\/v2\/pages\/5\/revisions"}],"predecessor-version":[{"id":1604,"href":"https:\/\/mazery.fr\/index.php?rest_route=\/wp\/v2\/pages\/5\/revisions\/1604"}],"wp:attachment":[{"href":"https:\/\/mazery.fr\/index.php?rest_route=%2Fwp%2Fv2%2Fmedia&parent=5"}],"curies":[{"name":"wp","href":"https:\/\/api.w.org\/{rel}","templated":true}]}}