{"id":66,"date":"2024-12-08T15:32:05","date_gmt":"2024-12-08T14:32:05","guid":{"rendered":"https:\/\/mazery.fr\/?page_id=66"},"modified":"2025-08-10T15:39:15","modified_gmt":"2025-08-10T13:39:15","slug":"2022-2","status":"publish","type":"page","link":"https:\/\/mazery.fr\/?page_id=66","title":{"rendered":"2022"},"content":{"rendered":"\n<h2 class=\"wp-block-heading\"><strong>Benjamin MAZERY fait son cin\u00e9ma<\/strong><\/h2>\n\n\n\n<p>Lors de l\u2019\u00e9mission de France 3 \u00ab&nbsp;M\u00e9t\u00e9o \u00e0 la carte&nbsp;\u00bb du mercredi 29 d\u00e9cembre 2022, Benjamin nous explique comment dompter la force des gaves au pied des Pyr\u00e9n\u00e9es (2,30mn de reportage).<\/p>\n\n\n\n<figure class=\"wp-block-image size-large\"><img loading=\"lazy\" decoding=\"async\" width=\"1024\" height=\"761\" src=\"https:\/\/mazery.fr\/wp-content\/uploads\/2024\/12\/benjamin_MAZERY_2022-1024x761.jpg\" alt=\"\" class=\"wp-image-76\" srcset=\"https:\/\/mazery.fr\/wp-content\/uploads\/2024\/12\/benjamin_MAZERY_2022-1024x761.jpg 1024w, https:\/\/mazery.fr\/wp-content\/uploads\/2024\/12\/benjamin_MAZERY_2022-300x223.jpg 300w, https:\/\/mazery.fr\/wp-content\/uploads\/2024\/12\/benjamin_MAZERY_2022-768x570.jpg 768w, https:\/\/mazery.fr\/wp-content\/uploads\/2024\/12\/benjamin_MAZERY_2022.jpg 1147w\" sizes=\"(max-width: 1024px) 100vw, 1024px\" \/><\/figure>\n\n\n\n<p>lien vers la vid\u00e9o : <a href=\"https:\/\/mazery.fr\/wp-content\/uploads\/2024\/12\/video_benjamin_mazery.mp4\">https:\/\/mazery.fr\/wp-content\/uploads\/2024\/12\/video_benjamin_mazery.mp4<\/a><\/p>\n\n\n\n<p><\/p>\n\n\n\n<h2 class=\"wp-block-heading\">Naissance d&rsquo;Emma GOUGEON fille de Mathieu GOUGEON et H\u00e9l\u00e8ne AUBERT<\/h2>\n\n\n\n<p><\/p>\n","protected":false},"excerpt":{"rendered":"<p>Benjamin MAZERY fait son cin\u00e9ma Lors de l\u2019\u00e9mission de France 3 \u00ab&nbsp;M\u00e9t\u00e9o \u00e0 la carte&nbsp;\u00bb du mercredi 29 d\u00e9cembre 2022, Benjamin nous explique comment dompter la force des gaves au pied des Pyr\u00e9n\u00e9es (2,30mn de reportage). lien vers la vid\u00e9o : https:\/\/mazery.fr\/wp-content\/uploads\/2024\/12\/video_benjamin_mazery.mp4 Naissance d&rsquo;Emma GOUGEON fille de Mathieu GOUGEON et H\u00e9l\u00e8ne AUBERT<\/p>\n","protected":false},"author":1,"featured_media":0,"parent":20,"menu_order":0,"comment_status":"closed","ping_status":"closed","template":"","meta":{"_et_pb_use_builder":"","_et_pb_old_content":"","_et_gb_content_width":"","footnotes":""},"class_list":["post-66","page","type-page","status-publish","hentry"],"_links":{"self":[{"href":"https:\/\/mazery.fr\/index.php?rest_route=\/wp\/v2\/pages\/66","targetHints":{"allow":["GET"]}}],"collection":[{"href":"https:\/\/mazery.fr\/index.php?rest_route=\/wp\/v2\/pages"}],"about":[{"href":"https:\/\/mazery.fr\/index.php?rest_route=\/wp\/v2\/types\/page"}],"author":[{"embeddable":true,"href":"https:\/\/mazery.fr\/index.php?rest_route=\/wp\/v2\/users\/1"}],"replies":[{"embeddable":true,"href":"https:\/\/mazery.fr\/index.php?rest_route=%2Fwp%2Fv2%2Fcomments&post=66"}],"version-history":[{"count":7,"href":"https:\/\/mazery.fr\/index.php?rest_route=\/wp\/v2\/pages\/66\/revisions"}],"predecessor-version":[{"id":153,"href":"https:\/\/mazery.fr\/index.php?rest_route=\/wp\/v2\/pages\/66\/revisions\/153"}],"up":[{"embeddable":true,"href":"https:\/\/mazery.fr\/index.php?rest_route=\/wp\/v2\/pages\/20"}],"wp:attachment":[{"href":"https:\/\/mazery.fr\/index.php?rest_route=%2Fwp%2Fv2%2Fmedia&parent=66"}],"curies":[{"name":"wp","href":"https:\/\/api.w.org\/{rel}","templated":true}]}}