{"id":86,"date":"2024-12-08T15:49:28","date_gmt":"2024-12-08T14:49:28","guid":{"rendered":"http:\/\/mazery.fr\/?page_id=86"},"modified":"2024-12-08T15:53:53","modified_gmt":"2024-12-08T14:53:53","slug":"2021-2","status":"publish","type":"page","link":"https:\/\/mazery.fr\/?page_id=86","title":{"rendered":"2021"},"content":{"rendered":"\n<h2 class=\"wp-block-heading\"><strong>D\u00e9c\u00e8s de Simone MEREL \u00e9pouse de Bernard MAZERY<\/strong><\/h2>\n\n\n\n<p>\u00ab\u00a0<em>Simone nous a quitt\u00e9 le 4 d\u00e9cembre 2021.<\/em><\/p>\n\n\n\n<p><em>C&rsquo;\u00e9tait l&rsquo;\u00e9pouse de Bernard MAZERY et la maman de Martine, Nathalie, Isabelle et Benjamin.<\/em><\/p>\n\n\n\n<p><em>Simone aimait la vie, les fleurs et sa famille. Elle adorait ses petits-enfants.<\/em><\/p>\n\n\n\n<p><em>C&rsquo;\u00e9tait un plaisir de la rencontrer dans les f\u00eates de famille auxquelles elle participait activement.\u00a0\u00bb<\/em><\/p>\n\n\n\n<figure class=\"wp-block-image size-large\"><img loading=\"lazy\" decoding=\"async\" width=\"1024\" height=\"708\" src=\"https:\/\/mazery.fr\/wp-content\/uploads\/2024\/12\/D-simone-photos-1024x708.jpg\" alt=\"\" class=\"wp-image-90\" srcset=\"https:\/\/mazery.fr\/wp-content\/uploads\/2024\/12\/D-simone-photos-1024x708.jpg 1024w, https:\/\/mazery.fr\/wp-content\/uploads\/2024\/12\/D-simone-photos-300x207.jpg 300w, https:\/\/mazery.fr\/wp-content\/uploads\/2024\/12\/D-simone-photos-768x531.jpg 768w, https:\/\/mazery.fr\/wp-content\/uploads\/2024\/12\/D-simone-photos.jpg 1043w\" sizes=\"(max-width: 1024px) 100vw, 1024px\" \/><\/figure>\n\n\n\n<p><\/p>\n","protected":false},"excerpt":{"rendered":"<p>D\u00e9c\u00e8s de Simone MEREL \u00e9pouse de Bernard MAZERY \u00ab\u00a0Simone nous a quitt\u00e9 le 4 d\u00e9cembre 2021. C&rsquo;\u00e9tait l&rsquo;\u00e9pouse de Bernard MAZERY et la maman de Martine, Nathalie, Isabelle et Benjamin. Simone aimait la vie, les fleurs et sa famille. Elle adorait ses petits-enfants. C&rsquo;\u00e9tait un plaisir de la rencontrer dans les f\u00eates de famille auxquelles [&hellip;]<\/p>\n","protected":false},"author":1,"featured_media":0,"parent":0,"menu_order":0,"comment_status":"closed","ping_status":"closed","template":"","meta":{"_et_pb_use_builder":"","_et_pb_old_content":"","_et_gb_content_width":"","footnotes":""},"class_list":["post-86","page","type-page","status-publish","hentry"],"_links":{"self":[{"href":"https:\/\/mazery.fr\/index.php?rest_route=\/wp\/v2\/pages\/86","targetHints":{"allow":["GET"]}}],"collection":[{"href":"https:\/\/mazery.fr\/index.php?rest_route=\/wp\/v2\/pages"}],"about":[{"href":"https:\/\/mazery.fr\/index.php?rest_route=\/wp\/v2\/types\/page"}],"author":[{"embeddable":true,"href":"https:\/\/mazery.fr\/index.php?rest_route=\/wp\/v2\/users\/1"}],"replies":[{"embeddable":true,"href":"https:\/\/mazery.fr\/index.php?rest_route=%2Fwp%2Fv2%2Fcomments&post=86"}],"version-history":[{"count":2,"href":"https:\/\/mazery.fr\/index.php?rest_route=\/wp\/v2\/pages\/86\/revisions"}],"predecessor-version":[{"id":91,"href":"https:\/\/mazery.fr\/index.php?rest_route=\/wp\/v2\/pages\/86\/revisions\/91"}],"wp:attachment":[{"href":"https:\/\/mazery.fr\/index.php?rest_route=%2Fwp%2Fv2%2Fmedia&parent=86"}],"curies":[{"name":"wp","href":"https:\/\/api.w.org\/{rel}","templated":true}]}}